{"id":14,"date":"2020-10-30T09:22:26","date_gmt":"2020-10-30T09:22:26","guid":{"rendered":"https:\/\/tamina-nordic.ch\/?page_id=14"},"modified":"2023-01-16T14:58:24","modified_gmt":"2023-01-16T14:58:24","slug":"ueber-uns","status":"publish","type":"page","link":"https:\/\/tamina-nordic.ch\/?page_id=14","title":{"rendered":"\u00dcber uns"},"content":{"rendered":"\r\n<p>Egal ob Sie Hilfe brauchen bei Ihren ersten Schritten auf Langlaufskis, als Hobby-L\u00e4ufer ein paar Technik- und Trainingstipps brauchen k\u00f6nnen oder ob Sie ambitionierte Ziele verfolgen, wir stehen Ihnen gerne zur Seite. Unsere Kurse finden vorwiegend auf den wunder-sch\u00f6nen Loipen in V\u00e4ttis oder auf dem St. Margrethenberg statt. Auf Wunsch kommen wir aber auch gerne auf Ihre Lieblings-Loipe.<\/p>\r\n<p><strong><span style=\"color: #ff0000;\">Neu:<\/span> <\/strong>Bieten wir auch Schneeschuhwanderungen an. Ob im herrlichen Kunkels &#8211; Tal bis zur SAC Ringelspitzh\u00fctte (mit \u00dcbernachtung), oder auf St. Margrethenberg bis Alp Salaz, sowie am Valenserberg &#8211; Pizol. Auch die Gegend in Nordb\u00fcnden geh\u00f6rt in unser Angebot.<\/p>\r\n<p>Gerne stellen wir auch Ihren W\u00fcnschen entsprechend eine Schneeschuhtour zusammen. Mit etwas Gl\u00fcck begegnen wir sogar auch dem heimisch gewordenen Wolf.<\/p>\r\n<p>&nbsp;<\/p>\r\n<h5>Ihre Coaches:<\/h5>\r\n<p><img decoding=\"async\" loading=\"lazy\" class=\" wp-image-56 alignleft\" src=\"https:\/\/tamina-nordic.ch\/wp-content\/uploads\/2020\/10\/christa-e1604055785389-232x300.jpg\" alt=\"\" width=\"180\" height=\"232\" srcset=\"https:\/\/tamina-nordic.ch\/wp-content\/uploads\/2020\/10\/christa-e1604055785389-232x300.jpg 232w, https:\/\/tamina-nordic.ch\/wp-content\/uploads\/2020\/10\/christa-e1604055785389.jpg 338w\" sizes=\"(max-width: 180px) 100vw, 180px\" \/><\/p>\r\n<h6>Christa J\u00e4ger Ehrenzeller<\/h6>\r\n<p>Schon als zweij\u00e4hriges M\u00e4dchen stellten mich meine Eltern auf Langlaufskis und nun, als ehemalige Profi-Langl\u00e4uferin liebe ich es, meine langj\u00e4hrige Erfahrung aus unz\u00e4hligen Trainingsstunden und Wettk\u00e4mpfen weiterzugeben.<\/p>\r\n<p>Mobile: +41 78 683 13 62<br>E-Mail: <a href=\"&#109;a&#105;l&#116;o&#x3a;c&#x68;r&#x69;s&#x74;a&#x2d;j&#x65;&#64;&#x6f;u&#x74;l&#x6f;o&#x6b;&#46;&#x63;&#111;&#x6d;\">&#x63;&#104;r&#x69;&#115;t&#x61;&#45;j&#x65;&#64;o&#x75;&#116;l&#x6f;&#111;k&#x2e;&#99;o&#x6d;<\/a><\/p>\r\n<p>&nbsp;<\/p>\r\n<p><img decoding=\"async\" loading=\"lazy\" class=\"wp-image-57 alignleft\" src=\"https:\/\/tamina-nordic.ch\/wp-content\/uploads\/2020\/10\/karl-e1604055756866-229x300.jpg\" alt=\"\" width=\"180\" height=\"236\" srcset=\"https:\/\/tamina-nordic.ch\/wp-content\/uploads\/2020\/10\/karl-e1604055756866-229x300.jpg 229w, https:\/\/tamina-nordic.ch\/wp-content\/uploads\/2020\/10\/karl-e1604055756866.jpg 332w\" sizes=\"(max-width: 180px) 100vw, 180px\" \/><\/p>\r\n<h6>Karl Kohler<\/h6>\r\n<p>Als zertifizierter esa Erwachsenensport und J+S Leiter unterrichte ich mit Kompetenz und Leidenschaft. Mein Wissen und die Freude an der Bewegung in der Natur vermittle ich gerne an Kinder und Erwachsene.<\/p>\r\n<p>Mobile: +41 79 476 11 60<br>E-Mail: <a href=\"&#x6d;a&#x69;&#108;&#x74;&#111;&#x3a;&#x6b;a&#x72;&#108;&#x6b;&#111;&#x68;&#108;e&#x72;&#64;&#x72;&#115;&#x6e;&#119;e&#x62;&#46;&#x63;&#104;\">&#107;&#x61;&#x72;l&#107;&#x6f;h&#108;&#x65;&#x72;&#64;&#114;&#x73;n&#119;&#x65;&#x62;&#46;&#99;&#x68;<\/a><\/p>\r\n<p>&nbsp;<\/p>\r\n<p>&nbsp;<\/p>\r\n","protected":false},"excerpt":{"rendered":"<p>Egal ob Sie Hilfe brauchen bei Ihren ersten Schritten auf Langlaufskis, als Hobby-L\u00e4ufer ein paar Technik- und Trainingstipps brauchen k\u00f6nnen oder ob Sie ambitionierte Ziele verfolgen, wir stehen Ihnen gerne zur Seite. Unsere Kurse finden vorwiegend auf den wunder-sch\u00f6nen Loipen in V\u00e4ttis oder auf dem St. Margrethenberg statt. Auf Wunsch kommen wir aber auch gerne [&hellip;]<\/p>\n","protected":false},"author":1,"featured_media":0,"parent":0,"menu_order":0,"comment_status":"closed","ping_status":"closed","template":"","meta":{"ngg_post_thumbnail":0},"_links":{"self":[{"href":"https:\/\/tamina-nordic.ch\/index.php?rest_route=\/wp\/v2\/pages\/14"}],"collection":[{"href":"https:\/\/tamina-nordic.ch\/index.php?rest_route=\/wp\/v2\/pages"}],"about":[{"href":"https:\/\/tamina-nordic.ch\/index.php?rest_route=\/wp\/v2\/types\/page"}],"author":[{"embeddable":true,"href":"https:\/\/tamina-nordic.ch\/index.php?rest_route=\/wp\/v2\/users\/1"}],"replies":[{"embeddable":true,"href":"https:\/\/tamina-nordic.ch\/index.php?rest_route=%2Fwp%2Fv2%2Fcomments&post=14"}],"version-history":[{"count":10,"href":"https:\/\/tamina-nordic.ch\/index.php?rest_route=\/wp\/v2\/pages\/14\/revisions"}],"predecessor-version":[{"id":145,"href":"https:\/\/tamina-nordic.ch\/index.php?rest_route=\/wp\/v2\/pages\/14\/revisions\/145"}],"wp:attachment":[{"href":"https:\/\/tamina-nordic.ch\/index.php?rest_route=%2Fwp%2Fv2%2Fmedia&parent=14"}],"curies":[{"name":"wp","href":"https:\/\/api.w.org\/{rel}","templated":true}]}}